{"id":8762,"date":"2025-01-24T08:43:02","date_gmt":"2025-01-24T07:43:02","guid":{"rendered":"http:\/\/test-eweo.pl\/produkt\/%d0%b3%d0%b5%d0%bb%d0%b5%d0%b2%d0%b8%d0%b9-%d0%b1%d0%b0%d1%80%d0%b2%d0%bd%d0%b8%d0%ba-power-gel-pg-126-%d0%bd%d0%b0-%d0%be%d1%81%d0%bd%d0%be%d0%b2%d1%96-%d0%b1%d0%bb%d0%b0%d0%b3%d0%be%d1%80%d0%be\/"},"modified":"2025-08-08T10:23:25","modified_gmt":"2025-08-08T08:23:25","slug":"%d0%b3%d0%b5%d0%bb%d0%b5%d0%b2%d0%b8%d0%b9-%d0%b1%d0%b0%d1%80%d0%b2%d0%bd%d0%b8%d0%ba-power-gel-pg-126-%d0%bd%d0%b0-%d0%be%d1%81%d0%bd%d0%be%d0%b2%d1%96-%d0%b1%d0%bb%d0%b0%d0%b3%d0%be%d1%80%d0%be","status":"publish","type":"product","link":"https:\/\/test-eweo.pl\/uk\/produkt\/%d0%b3%d0%b5%d0%bb%d0%b5%d0%b2%d0%b8%d0%b9-%d0%b1%d0%b0%d1%80%d0%b2%d0%bd%d0%b8%d0%ba-power-gel-pg-126-%d0%bd%d0%b0-%d0%be%d1%81%d0%bd%d0%be%d0%b2%d1%96-%d0%b1%d0%bb%d0%b0%d0%b3%d0%be%d1%80%d0%be\/","title":{"rendered":"\u0413\u0435\u043b\u0435\u0432\u0438\u0439 \u0431\u0430\u0440\u0432\u043d\u0438\u043a Power Gel PG-126 \u043d\u0430 \u043e\u0441\u043d\u043e\u0432\u0456 \u0431\u043b\u0430\u0433\u043e\u0440\u043e\u0434\u043d\u043e\u0433\u043e \u0430\u0437\u0443\u0440\u0438\u0442\u0443"},"content":{"rendered":"<p>Power Power Gel PG-126 \u043d\u0430 \u043e\u0441\u043d\u043e\u0432\u0456 \u0431\u043b\u0430\u0433\u043e\u0440\u043e\u0434\u043d\u043e\u0433\u043e \u0430\u0437\u0443\u0440\u0438\u0442\u0443Barwnik \u017celowy w buteleczce o wygodnym kroplomierzu zapewniaj\u0105cym precyzyjn\u0105 aplikacj\u0119.<\/p>\n","protected":false},"excerpt":{"rendered":"<p>\u0413\u0435\u043b\u0435\u0432\u0438\u0439 \u0431\u0430\u0440\u0432\u043d\u0438\u043a \u0443 \u0444\u043b\u0430\u043a\u043e\u043d\u0456 \u0437\u0456 \u0437\u0440\u0443\u0447\u043d\u043e\u044e \u043f\u0456\u043f\u0435\u0442\u043a\u043e\u044e \u0434\u043b\u044f \u0442\u043e\u0447\u043d\u043e\u0433\u043e \u043d\u0430\u043d\u0435\u0441\u0435\u043d\u043d\u044f.<\/p>\n","protected":false},"featured_media":8763,"template":"","meta":{"_acf_changed":false},"product_brand":[],"product_cat":[633,635],"product_tag":[817],"class_list":{"0":"post-8762","1":"product","2":"type-product","3":"status-publish","4":"has-post-thumbnail","6":"product_cat-633","7":"product_cat---power-gel","8":"product_tag-817","10":"first","11":"instock","12":"product-type-simple"},"acf":[],"_links":{"self":[{"href":"https:\/\/test-eweo.pl\/uk\/wp-json\/wp\/v2\/product\/8762","targetHints":{"allow":["GET"]}}],"collection":[{"href":"https:\/\/test-eweo.pl\/uk\/wp-json\/wp\/v2\/product"}],"about":[{"href":"https:\/\/test-eweo.pl\/uk\/wp-json\/wp\/v2\/types\/product"}],"version-history":[{"count":0,"href":"https:\/\/test-eweo.pl\/uk\/wp-json\/wp\/v2\/product\/8762\/revisions"}],"wp:featuredmedia":[{"embeddable":true,"href":"https:\/\/test-eweo.pl\/uk\/wp-json\/wp\/v2\/media\/8763"}],"wp:attachment":[{"href":"https:\/\/test-eweo.pl\/uk\/wp-json\/wp\/v2\/media?parent=8762"}],"wp:term":[{"taxonomy":"product_brand","embeddable":true,"href":"https:\/\/test-eweo.pl\/uk\/wp-json\/wp\/v2\/product_brand?post=8762"},{"taxonomy":"product_cat","embeddable":true,"href":"https:\/\/test-eweo.pl\/uk\/wp-json\/wp\/v2\/product_cat?post=8762"},{"taxonomy":"product_tag","embeddable":true,"href":"https:\/\/test-eweo.pl\/uk\/wp-json\/wp\/v2\/product_tag?post=8762"}],"curies":[{"name":"wp","href":"https:\/\/api.w.org\/{rel}","templated":true}]}}