{"id":8602,"date":"2024-12-19T01:20:20","date_gmt":"2024-12-19T00:20:20","guid":{"rendered":"http:\/\/test-eweo.pl\/produkt\/%d1%85%d0%b0%d1%80%d1%87%d0%be%d0%b2%d1%96-%d1%87%d0%be%d1%80%d0%bd%d0%b8%d0%bb%d0%b0-%d0%b4%d0%bb%d1%8f-%d0%bf%d1%80%d0%b8%d0%bd%d1%82%d0%b5%d1%80%d1%96%d0%b2-%d1%87%d0%be%d1%80%d0%bd%d0%be%d0%b3\/"},"modified":"2024-12-19T01:20:20","modified_gmt":"2024-12-19T00:20:20","slug":"%d1%85%d0%b0%d1%80%d1%87%d0%be%d0%b2%d1%96-%d1%87%d0%be%d1%80%d0%bd%d0%b8%d0%bb%d0%b0-%d0%b4%d0%bb%d1%8f-%d0%bf%d1%80%d0%b8%d0%bd%d1%82%d0%b5%d1%80%d1%96%d0%b2-%d1%87%d0%be%d1%80%d0%bd%d0%be%d0%b3","status":"publish","type":"product","link":"https:\/\/test-eweo.pl\/uk\/produkt\/%d1%85%d0%b0%d1%80%d1%87%d0%be%d0%b2%d1%96-%d1%87%d0%be%d1%80%d0%bd%d0%b8%d0%bb%d0%b0-%d0%b4%d0%bb%d1%8f-%d0%bf%d1%80%d0%b8%d0%bd%d1%82%d0%b5%d1%80%d1%96%d0%b2-%d1%87%d0%be%d1%80%d0%bd%d0%be%d0%b3\/","title":{"rendered":"\u0425\u0430\u0440\u0447\u043e\u0432\u0456 \u0447\u043e\u0440\u043d\u0438\u043b\u0430 \u0434\u043b\u044f \u043f\u0440\u0438\u043d\u0442\u0435\u0440\u0456\u0432 \u0447\u043e\u0440\u043d\u043e\u0433\u043e \u043a\u043e\u043b\u044c\u043e\u0440\u0443"},"content":{"rendered":"<p>\u0425\u0430\u0440\u0447\u043e\u0432\u0456 \u0447\u043e\u0440\u043d\u0438\u043b\u0430 \u0434\u043b\u044f \u0434\u0440\u0443\u043a\u0443 \u0432\u0430\u0444\u0435\u043b\u044c \u043d\u0430 \u0446\u0443\u043a\u0440\u043e\u0432\u043e\u043c\u0443 \u0442\u0430 \u0432\u0430\u0444\u0435\u043b\u044c\u043d\u043e\u043c\u0443 \u043f\u0430\u043f\u0435\u0440\u0456, \u0430 \u0442\u0430\u043a\u043e\u0436 \u0431\u0435\u0437\u043f\u043e\u0441\u0435\u0440\u0435\u0434\u043d\u044c\u043e \u043d\u0430 \u043f\u043e\u0432\u0435\u0440\u0445\u043d\u0456 \u0442\u043e\u0440\u0442\u0456\u0432, \u0442\u0456\u0441\u0442\u0435\u0447\u043e\u043a, \u043f\u0435\u0447\u0438\u0432\u0430 \u0442\u0430 \u0456\u043c\u0431\u0438\u0440\u043d\u0438\u0445 \u043f\u0440\u044f\u043d\u0438\u043a\u0456\u0432.<\/p>\n","protected":false},"excerpt":{"rendered":"<p>Tusz spo\u017cywczy do drukowania op\u0142atk\u00f3w na papierze cukrowym, waflowym, a tak\u017ce bezpo\u015brednio na powierzchni tort\u00f3w, ciast, ciasteczek i piernik\u00f3w.<\/p>\n","protected":false},"featured_media":8603,"template":"","meta":{"_acf_changed":false},"product_brand":[],"product_cat":[665,667],"product_tag":[],"class_list":{"0":"post-8602","1":"product","2":"type-product","3":"status-publish","4":"has-post-thumbnail","6":"product_cat-665","7":"product_cat-667","9":"first","10":"instock","11":"product-type-simple"},"acf":[],"_links":{"self":[{"href":"https:\/\/test-eweo.pl\/uk\/wp-json\/wp\/v2\/product\/8602","targetHints":{"allow":["GET"]}}],"collection":[{"href":"https:\/\/test-eweo.pl\/uk\/wp-json\/wp\/v2\/product"}],"about":[{"href":"https:\/\/test-eweo.pl\/uk\/wp-json\/wp\/v2\/types\/product"}],"version-history":[{"count":0,"href":"https:\/\/test-eweo.pl\/uk\/wp-json\/wp\/v2\/product\/8602\/revisions"}],"wp:featuredmedia":[{"embeddable":true,"href":"https:\/\/test-eweo.pl\/uk\/wp-json\/wp\/v2\/media\/8603"}],"wp:attachment":[{"href":"https:\/\/test-eweo.pl\/uk\/wp-json\/wp\/v2\/media?parent=8602"}],"wp:term":[{"taxonomy":"product_brand","embeddable":true,"href":"https:\/\/test-eweo.pl\/uk\/wp-json\/wp\/v2\/product_brand?post=8602"},{"taxonomy":"product_cat","embeddable":true,"href":"https:\/\/test-eweo.pl\/uk\/wp-json\/wp\/v2\/product_cat?post=8602"},{"taxonomy":"product_tag","embeddable":true,"href":"https:\/\/test-eweo.pl\/uk\/wp-json\/wp\/v2\/product_tag?post=8602"}],"curies":[{"name":"wp","href":"https:\/\/api.w.org\/{rel}","templated":true}]}}