{"id":2310,"date":"2025-01-21T19:57:25","date_gmt":"2025-01-21T18:57:25","guid":{"rendered":"http:\/\/test-eweo.pl\/produkt\/emulsja-do-mas-tlustych-i-bialej-czekolady-os-lc-natura-zielony-ciemny\/"},"modified":"2025-11-17T08:24:29","modified_gmt":"2025-11-17T07:24:29","slug":"os-lc-natura-zielony-ciemny","status":"publish","type":"product","link":"https:\/\/test-eweo.pl\/uk\/produkt\/os-lc-natura-zielony-ciemny\/","title":{"rendered":"Emulsja OS-LC-NAT-30 zielony ciemny"},"content":{"rendered":"<p>Emulsja do barwienia bia\u0142ej czekolady i mas t\u0142ustych, opracowana na bazie sk\u0142adnik\u00f3w naturalnych. Dzi\u0119ki p\u0142ynnej formule i kropelkowemu dozowaniu dozowanie jest \u0142atwe i wprowadzanie w mas\u0119 efektywne.<\/p>\n","protected":false},"excerpt":{"rendered":"<p>Emulsja do barwienia bia\u0142ej czekolady i mas t\u0142ustych, opracowana na bazie sk\u0142adnik\u00f3w naturalnych. Dzi\u0119ki p\u0142ynnej formule i kropelkowemu dozowaniu dozowanie jest \u0142atwe i wprowadzanie w mas\u0119 efektywne.<\/p>\n","protected":false},"featured_media":2312,"template":"","meta":{"_acf_changed":false},"product_brand":[],"product_cat":[47,127,260,90],"product_tag":[738],"class_list":{"0":"post-2310","1":"product","2":"type-product","3":"status-publish","4":"has-post-thumbnail","6":"product_cat-barwniki-do-czekolady-i-mas-tlustych","7":"product_cat-emulsje-do-mas-tlustych-i-bialej-czekolady-os-lc-natura","8":"product_cat-naturalne-emulsje-do-czekolady","9":"product_cat-seria-natura","10":"product_tag-barwnik-do-czekolady","12":"first","13":"instock","14":"product-type-simple"},"acf":[],"_links":{"self":[{"href":"https:\/\/test-eweo.pl\/uk\/wp-json\/wp\/v2\/product\/2310","targetHints":{"allow":["GET"]}}],"collection":[{"href":"https:\/\/test-eweo.pl\/uk\/wp-json\/wp\/v2\/product"}],"about":[{"href":"https:\/\/test-eweo.pl\/uk\/wp-json\/wp\/v2\/types\/product"}],"version-history":[{"count":0,"href":"https:\/\/test-eweo.pl\/uk\/wp-json\/wp\/v2\/product\/2310\/revisions"}],"wp:featuredmedia":[{"embeddable":true,"href":"https:\/\/test-eweo.pl\/uk\/wp-json\/wp\/v2\/media\/2312"}],"wp:attachment":[{"href":"https:\/\/test-eweo.pl\/uk\/wp-json\/wp\/v2\/media?parent=2310"}],"wp:term":[{"taxonomy":"product_brand","embeddable":true,"href":"https:\/\/test-eweo.pl\/uk\/wp-json\/wp\/v2\/product_brand?post=2310"},{"taxonomy":"product_cat","embeddable":true,"href":"https:\/\/test-eweo.pl\/uk\/wp-json\/wp\/v2\/product_cat?post=2310"},{"taxonomy":"product_tag","embeddable":true,"href":"https:\/\/test-eweo.pl\/uk\/wp-json\/wp\/v2\/product_tag?post=2310"}],"curies":[{"name":"wp","href":"https:\/\/api.w.org\/{rel}","templated":true}]}}